{"id":199,"date":"2020-05-12T21:24:07","date_gmt":"2020-05-12T19:24:07","guid":{"rendered":"http:\/\/www.moreauabc.fr\/?page_id=199"},"modified":"2025-10-24T08:08:24","modified_gmt":"2025-10-24T06:08:24","slug":"reservations","status":"publish","type":"page","link":"https:\/\/www.moreauabc.fr\/index.php\/reservations\/","title":{"rendered":"R\u00e9servations"},"content":{"rendered":"\n<p>Si vous souhaitez r\u00e9server votre miel, vous pouvez nous laisser vos coordonn\u00e9es ainsi que les quantit\u00e9s d\u00e9sir\u00e9es ci-dessous. Nous vous indiquerons la disponibilit\u00e9 du produit par mail ou t\u00e9l\u00e9phone.<\/p>\n\n\n\n<p><\/p>\n\n\n\n<p>Nous vous remercions pour votre confiance, \u00e0 tr\u00e8s vite, Armelle &#8211; Micha\u00ebl et les abeilles \ud83d\ude09<\/p>\n\n\n\n<div class=\"wp-block-weforms-form\">\r\n        \r\n\r\n                <form class=\"wpuf-form-add weforms-381  wpuf-style\" action=\"\" method=\"post\"   id=\"\">\r\n\r\n            <ul class=\"wpuf-form form-label-above\">\r\n\r\n                        <li class=\"wpuf-el\">\r\n            <div class=\"wpuf-field-columns has-columns-2\" data-style=\"wpuf-style\">\r\n                <div class=\"wpuf-column-field-inner-columns\">\r\n                    <div class=\"wpuf-column\">\r\n                                                    <div class=\"column-1 items-of-column-2 wpuf-column-inner-fields\">\r\n                                <ul class=\"wpuf-column-fields\">\r\n                                            <li class=\"wpuf-el nom__ field-size-large\" data-label=\"Nom :\">\r\n                    <div class=\"wpuf-label\">\r\n            <label for=\"nom___381\">Nom : <span class=\"required\">*<\/span><\/label>\r\n        <\/div>\r\n        \r\n            <div class=\"wpuf-fields\">\r\n                <input\r\n                    class=\"textfield wpuf_nom___381\"\r\n                    id=\"nom___381\"\r\n                    type=\"text\"\r\n                    data-duplicate=\"no\"\r\n                    data-required=\"yes\"\r\n                    data-type=\"text\" name=\"nom__\"\r\n                    placeholder=\"\"\r\n                    value=\"\"\r\n                    size=\"40\"\r\n                    data-style=\"wpuf-style\"\r\n                \/>\r\n\r\n                <span class=\"wpuf-wordlimit-message wpuf-help\"><\/span>\r\n                            <\/div>\r\n                    <\/li>\r\n                                        <\/ul>\r\n                            <\/div>\r\n\r\n                                                                                <div class=\"column-2 items-of-column-2 wpuf-column-inner-fields\">\r\n                                <ul class=\"wpuf-column-fields\">\r\n                                            <li class=\"wpuf-el pr_nom__ field-size-large\" data-label=\"Pr\u00e9nom :\">\r\n                    <div class=\"wpuf-label\">\r\n            <label for=\"pr_nom___381\">Pr\u00e9nom :<\/label>\r\n        <\/div>\r\n        \r\n            <div class=\"wpuf-fields\">\r\n                <input\r\n                    class=\"textfield wpuf_pr_nom___381\"\r\n                    id=\"pr_nom___381\"\r\n                    type=\"text\"\r\n                    data-duplicate=\"no\"\r\n                    data-required=\"no\"\r\n                    data-type=\"text\" name=\"pr_nom__\"\r\n                    placeholder=\"\"\r\n                    value=\"\"\r\n                    size=\"40\"\r\n                    data-style=\"wpuf-style\"\r\n                \/>\r\n\r\n                <span class=\"wpuf-wordlimit-message wpuf-help\"><\/span>\r\n                            <\/div>\r\n                    <\/li>\r\n                                        <\/ul>\r\n                            <\/div>\r\n\r\n                                                                        <\/div>\r\n                <\/div>\r\n            <\/div>\r\n        <\/li>\r\n                <li class=\"wpuf-el\">\r\n            <div class=\"wpuf-field-columns has-columns-2\" data-style=\"wpuf-style\">\r\n                <div class=\"wpuf-column-field-inner-columns\">\r\n                    <div class=\"wpuf-column\">\r\n                                                    <div class=\"column-1 items-of-column-2 wpuf-column-inner-fields\">\r\n                                <ul class=\"wpuf-column-fields\">\r\n                                            <li class=\"wpuf-el t_l_phone__ field-size-large\" data-label=\"T\u00e9l\u00e9phone :\">\r\n                    <div class=\"wpuf-label\">\r\n            <label for=\"t_l_phone___381\">T\u00e9l\u00e9phone :<\/label>\r\n        <\/div>\r\n        \r\n            <div class=\"wpuf-fields\">\r\n                <input\r\n                    class=\"textfield wpuf_t_l_phone___381\"\r\n                    id=\"t_l_phone___381\"\r\n                    type=\"text\"\r\n                    data-duplicate=\"no\"\r\n                    data-required=\"no\"\r\n                    data-type=\"text\" name=\"t_l_phone__\"\r\n                    placeholder=\"\"\r\n                    value=\"\"\r\n                    size=\"40\"\r\n                    data-style=\"wpuf-style\"\r\n                \/>\r\n\r\n                <span class=\"wpuf-wordlimit-message wpuf-help\"><\/span>\r\n                            <\/div>\r\n                    <\/li>\r\n                                        <\/ul>\r\n                            <\/div>\r\n\r\n                                                                                <div class=\"column-2 items-of-column-2 wpuf-column-inner-fields\">\r\n                                <ul class=\"wpuf-column-fields\">\r\n                                            <li class=\"wpuf-el email__ field-size-large\" data-label=\"Email :\">\r\n                    <div class=\"wpuf-label\">\r\n            <label for=\"email___381\">Email :<\/label>\r\n        <\/div>\r\n        \r\n            <div class=\"wpuf-fields\">\r\n                <input\r\n                    id=\"email___381\"\r\n                    type=\"email\"\r\n                    class=\"email  wpuf_email___381\"\r\n                    data-duplicate=\"\"\r\n                    data-required=\"no\"\r\n                    data-type=\"email\"\r\n                    data-style=\"wpuf-style\"\r\n                    name=\"email__\"\r\n                    placeholder=\"\"\r\n                    value=\"\"\r\n                    size=\"40\"\r\n                    autocomplete=\"email\"\r\n                \/>\r\n                            <\/div>\r\n        <\/li>\r\n                                        <\/ul>\r\n                            <\/div>\r\n\r\n                                                                        <\/div>\r\n                <\/div>\r\n            <\/div>\r\n        <\/li>\r\n                <li class=\"wpuf-el quantit____miel_de_printemps_2025__dur___7__500g__disponible___partir_de_juin_2025 field-size-large\" data-label=\"Quantit\u00e9 : Miel de printemps 2025 (dur) (7\u20ac\/500g) disponible \u00e0 partir de Juin 2025\">\r\n                    <div class=\"wpuf-label\">\r\n            <label for=\"quantit____miel_de_printemps_2025__dur___7__500g__disponible___partir_de_juin_2025_381\">Quantit\u00e9 : Miel de printemps 2025 (dur) (7\u20ac\/500g) disponible \u00e0 partir de Juin 2025<\/label>\r\n        <\/div>\r\n        \r\n            <div class=\"wpuf-fields\">\r\n                <input\r\n                    class=\"textfield wpuf_quantit____miel_de_printemps_2025__dur___7__500g__disponible___partir_de_juin_2025_381\"\r\n                    id=\"quantit____miel_de_printemps_2025__dur___7__500g__disponible___partir_de_juin_2025_381\"\r\n                    type=\"text\"\r\n                    data-duplicate=\"no\"\r\n                    data-required=\"no\"\r\n                    data-type=\"text\" name=\"quantit____miel_de_printemps_2025__dur___7__500g__disponible___partir_de_juin_2025\"\r\n                    placeholder=\"\"\r\n                    value=\"\"\r\n                    size=\"40\"\r\n                    data-style=\"wpuf-style\"\r\n                \/>\r\n\r\n                <span class=\"wpuf-wordlimit-message wpuf-help\"><\/span>\r\n                            <\/div>\r\n                    <\/li>\r\n                <li class=\"wpuf-el quantit____miel_d__t__2026__liquide___7__500g__disponible___partir_de_ao_t_2026 field-size-large\" data-label=\"Quantit\u00e9 : Miel d&#039;\u00e9t\u00e9 2026 (liquide) (7\u20ac\/500g) disponible \u00e0 partir de ao\u00fbt 2026\">\r\n                    <div class=\"wpuf-label\">\r\n            <label for=\"quantit____miel_d__t__2026__liquide___7__500g__disponible___partir_de_ao_t_2026_381\">Quantit\u00e9 : Miel d&#039;\u00e9t\u00e9 2026 (liquide) (7\u20ac\/500g) disponible \u00e0 partir de ao\u00fbt 2026<\/label>\r\n        <\/div>\r\n        \r\n            <div class=\"wpuf-fields\">\r\n                <input\r\n                    class=\"textfield wpuf_quantit____miel_d__t__2026__liquide___7__500g__disponible___partir_de_ao_t_2026_381\"\r\n                    id=\"quantit____miel_d__t__2026__liquide___7__500g__disponible___partir_de_ao_t_2026_381\"\r\n                    type=\"text\"\r\n                    data-duplicate=\"no\"\r\n                    data-required=\"no\"\r\n                    data-type=\"text\" name=\"quantit____miel_d__t__2026__liquide___7__500g__disponible___partir_de_ao_t_2026\"\r\n                    placeholder=\"\"\r\n                    value=\"\"\r\n                    size=\"40\"\r\n                    data-style=\"wpuf-style\"\r\n                \/>\r\n\r\n                <span class=\"wpuf-wordlimit-message wpuf-help\"><\/span>\r\n                            <\/div>\r\n                    <\/li>\r\n                <li class=\"wpuf-el je_r_cupererai_ma_commande__ field-size-large\" data-label=\"Je r\u00e9cupererai ma commande :\">\r\n                    <div class=\"wpuf-label\">\r\n            <label for=\"je_r_cupererai_ma_commande___381\">Je r\u00e9cupererai ma commande : <span class=\"required\">*<\/span><\/label>\r\n        <\/div>\r\n        \r\n                        <div class=\"wpuf-fields\" data-required=\"yes\" data-type=\"radio\" data-style=\"wpuf-style\">\r\n\r\n                \r\n                        <label class=\"wpuf-radio-block\">\r\n                            <input\r\n                                name=\"je_r_cupererai_ma_commande__\"\r\n                                class=\"wpuf_je_r_cupererai_ma_commande___381\"\r\n                                type=\"radio\"\r\n                                value=\"\u00e0_servins_(micha\u00ebl)\"                            \/>\r\n                            \u00e0 Servins (Micha\u00ebl)                        <\/label>\r\n                        \r\n                        <label class=\"wpuf-radio-block\">\r\n                            <input\r\n                                name=\"je_r_cupererai_ma_commande__\"\r\n                                class=\"wpuf_je_r_cupererai_ma_commande___381\"\r\n                                type=\"radio\"\r\n                                value=\"au_coll\u00e8ge_(micha\u00ebl)\"                            \/>\r\n                            au coll\u00e8ge (Micha\u00ebl)                        <\/label>\r\n                        \r\n                        <label class=\"wpuf-radio-block\">\r\n                            <input\r\n                                name=\"je_r_cupererai_ma_commande__\"\r\n                                class=\"wpuf_je_r_cupererai_ma_commande___381\"\r\n                                type=\"radio\"\r\n                                value=\"\u00e0_ferques_(christophe)\"                            \/>\r\n                            \u00e0 Ferques (Christophe)                        <\/label>\r\n                        \r\n                \r\n            <\/div>\r\n        <\/li>\r\n                <li class=\"wpuf-el  field-size-large\" data-label=\"\">\r\n                    <div class=\"wpuf-label\">\r\n            <label for=\"_381\"> <span class=\"required\">*<\/span><\/label>\r\n        <\/div>\r\n        \r\n                        <div class=\"wpuf-fields\" data-required=\"yes\" data-type=\"radio\" data-style=\"wpuf-style\">\r\n\r\n                \r\n                        <label class=\"wpuf-radio-block\">\r\n                            <input\r\n                                name=\"\"\r\n                                class=\"wpuf__381\"\r\n                                type=\"radio\"\r\n                                value=\"en_cochant_cette_case,_j&#039;accepte_les_conditions_g\u00e9n\u00e9rales_d&#039;utilisation._\"                            \/>\r\n                            En cochant cette case, j'accepte les conditions g\u00e9n\u00e9rales d'utilisation.                         <\/label>\r\n                        \r\n                        <span class=\"wpuf-help\">Obligatoire pour respecter la r\u00e9glementation g\u00e9n\u00e9ral sur la protection des donn\u00e9es (RGPD) d\u00e9crites sur la page Mentions l\u00e9gales <\/span>\r\n        \r\n            <\/div>\r\n        <\/li>\r\n                    <li class=\"wpuf-el recaptcha\" data-label=\"\" >\r\n                            <li class=\"wpuf-el recaptcha\" data-label=\"\" >\r\n                    <div class=\"wpuf-fields  wpuf_recaptcha_381\" data-style=\"wpuf-style\">\r\n                        <input type=\"hidden\" name=\"g-recaptcha-response\" id=\"g-recaptcha-response\">\r\n                        <input type=\"hidden\" name=\"g-action\" id=\"g-action\">\r\n                        <script src=\"https:\/\/www.google.com\/recaptcha\/api.js?render=6LcbGVQkAAAAAEB0z-XKmUH1C5Noif9cBgW6nM6R\"> <\/script>\r\n                        <script>\r\n                            grecaptcha.ready(function() {\r\n                                  grecaptcha.execute('6LcbGVQkAAAAAEB0z-XKmUH1C5Noif9cBgW6nM6R', {action: 'captcha_validation'}).then( function( token ) {\r\n                                    document.getElementById('g-recaptcha-response').value = token;\r\n                                    document.getElementById('g-action').value = 'captcha_validation';\r\n\r\n                                  });\r\n                                setInterval(function () {\r\n                                    grecaptcha.execute('6LcbGVQkAAAAAEB0z-XKmUH1C5Noif9cBgW6nM6R', {action: 'captcha_validation'}).then( function( token ) {\r\n                                        document.getElementById('g-recaptcha-response').value = token;\r\n                                        document.getElementById('g-action').value = 'captcha_validation';\r\n                                    });\r\n                                }, 60000);\r\n                            });\r\n                        <\/script>\r\n                    <\/div>\r\n                <\/li>\r\n                <li class=\"wpuf-submit\">\r\n            <div class=\"wpuf-label\">\r\n                &nbsp;\r\n            <\/div>\r\n\r\n            <input type=\"hidden\" id=\"_wpnonce\" name=\"_wpnonce\" value=\"3b18ecc5ab\" \/><input type=\"hidden\" name=\"_wp_http_referer\" value=\"\/index.php\/wp-json\/wp\/v2\/pages\/199\" \/>\r\n            <input type=\"hidden\" name=\"form_id\" value=\"381\">\r\n            <input type=\"hidden\" name=\"page_id\" value=\"199\">\r\n            <input type=\"hidden\" name=\"action\" value=\"weforms_frontend_submit\">\r\n\r\n                            <input type=\"hidden\" name=\"weforms-front-report\" value=\"no\">\r\n            \r\n            \r\n                            <input type=\"submit\" class=\"weforms_submit_btn wpuf_submit_381\" name=\"submit\" value=\"R\u00e9server\" \/>\r\n                    <\/li>\r\n                <\/ul>\r\n\r\n        <\/form>\r\n                <\/div>\n","protected":false},"excerpt":{"rendered":"<p>Si vous souhaitez r\u00e9server votre miel, vous pouvez nous laisser vos coordonn\u00e9es ainsi que les quantit\u00e9s d\u00e9sir\u00e9es ci-dessous. Nous vous indiquerons la disponibilit\u00e9 du produit par mail ou t\u00e9l\u00e9phone. Nous vous remercions pour votre confiance, \u00e0 tr\u00e8s vite, Armelle &#8211; Micha\u00ebl et les abeilles \ud83d\ude09<\/p>\n","protected":false},"author":1,"featured_media":0,"parent":0,"menu_order":0,"comment_status":"closed","ping_status":"closed","template":"","meta":{"footnotes":""},"class_list":["post-199","page","type-page","status-publish","hentry"],"_links":{"self":[{"href":"https:\/\/www.moreauabc.fr\/index.php\/wp-json\/wp\/v2\/pages\/199","targetHints":{"allow":["GET"]}}],"collection":[{"href":"https:\/\/www.moreauabc.fr\/index.php\/wp-json\/wp\/v2\/pages"}],"about":[{"href":"https:\/\/www.moreauabc.fr\/index.php\/wp-json\/wp\/v2\/types\/page"}],"author":[{"embeddable":true,"href":"https:\/\/www.moreauabc.fr\/index.php\/wp-json\/wp\/v2\/users\/1"}],"replies":[{"embeddable":true,"href":"https:\/\/www.moreauabc.fr\/index.php\/wp-json\/wp\/v2\/comments?post=199"}],"version-history":[{"count":9,"href":"https:\/\/www.moreauabc.fr\/index.php\/wp-json\/wp\/v2\/pages\/199\/revisions"}],"predecessor-version":[{"id":463,"href":"https:\/\/www.moreauabc.fr\/index.php\/wp-json\/wp\/v2\/pages\/199\/revisions\/463"}],"wp:attachment":[{"href":"https:\/\/www.moreauabc.fr\/index.php\/wp-json\/wp\/v2\/media?parent=199"}],"curies":[{"name":"wp","href":"https:\/\/api.w.org\/{rel}","templated":true}]}}