{"id":314,"date":"2023-02-05T10:33:23","date_gmt":"2023-02-05T09:33:23","guid":{"rendered":"https:\/\/www.moreauabc.fr\/?page_id=314"},"modified":"2023-02-05T10:33:24","modified_gmt":"2023-02-05T09:33:24","slug":"mentions-legales","status":"publish","type":"page","link":"https:\/\/www.moreauabc.fr\/index.php\/mentions-legales\/","title":{"rendered":"Mentions l\u00e9gales"},"content":{"rendered":"<h2><strong>Identification de l\u2019entreprise<\/strong><\/h2>\n<p>Moreau Micha\u00ebl &#8211; micro-entrepreneur \u2013 entreprise individuelle<\/p>\n<p>Apiculteur \u2013 0149Z Elevage d\u2019autres animaux<\/p>\n<p>7 rue de Bouvigny<\/p>\n<p>62530 Servins<\/p>\n<p>N\u00b0 Siret\u00a0: 522\u00a0107\u00a0416 00037<\/p>\n<p>Entreprise non assujettie \u00e0 la TVA<\/p>\n<p>Tel.\u00a0: 06 76 93 81 43<\/p>\n<p>Mail\u00a0: michaelmoreau@moreauabc.fr<\/p>\n<h2><strong>H\u00e9bergeur du site<\/strong><\/h2>\n<p>OVHcloud<\/p>\n<p>2 rue Kellermann &#8211; BP 80157<\/p>\n<p>59\u00a0053 Roubaix CEDEX 1 &#8211; France<\/p>\n<p>Tel.\u00a0: 09 72 10 10 07<\/p>\n<h2><strong>Conditions g\u00e9n\u00e9rales de vente (CGV)<\/strong><\/h2>\n<p>Ce site vous permet de r\u00e9server votre miel. Le miel sera disponible au lieu indiqu\u00e9 pendant la r\u00e9servation sous r\u00e9serve de disponibilit\u00e9 (nous ne vendons que notre production et d\u00e9pendons des r\u00e9coltes de nos abeilles). Un message par sms ou mail vous sera envoy\u00e9 lorsque le miel sera disponible. Vous pourrez alors venir au point de livraison retirer votre miel contre le paiement en ch\u00e8que ou esp\u00e8ce uniquement.<\/p>\n<p>Les prix TTC figurent sur la page de r\u00e9servation.<\/p>\n<p>Vous pouvez annuler votre r\u00e9servation jusqu\u2019au retrait de celle-ci. Nous nous r\u00e9servons le droit d\u2019annuler votre r\u00e9servation si elle n\u2019est pas retir\u00e9e dans le mois qui suit notre message de mise \u00e0 disposition de celle-ci.<\/p>\n<p>Nous garantissons un miel issu uniquement de nos ruches, aucun ajout n\u2019est effectu\u00e9, aucun nourrissement pendant les miell\u00e9e et aucun m\u00e9lange de miel ext\u00e9rieur.<\/p>\n<p>Nous garantissons un taux d\u2019humidit\u00e9 du miel inf\u00e9rieur \u00e0 20% pour une bonne conservation du miel.<\/p>\n<h2><strong>Traitement des donn\u00e9es personnelles et utilisation de cookies<\/strong><\/h2>\n<p>Les donn\u00e9es recueillies sur ce site sont trait\u00e9es par le g\u00e9rant de l\u2019entreprise uniquement et seront conserv\u00e9es pendant une ann\u00e9e. Elles ont pour but de recenser les r\u00e9servations et de pr\u00e9venir le client de la disponibilit\u00e9 de celle-ci. En faisant sa r\u00e9servation, le client accepte de transmettre \u00e0 l\u2019entreprise les donn\u00e9es qu\u2019il a saisis. Toute information manquante ou erron\u00e9e lors de la r\u00e9servation reste la responsabilit\u00e9 du demandeur. Ces informations ne sont pas transmises \u00e0 un service tiers. Les donn\u00e9es sont stock\u00e9es au sein de notre h\u00e9bergeur qui en assure la s\u00e9curit\u00e9.<\/p>\n<p>L\u2019internaute a le droit de refuser la collecte, le droit d\u2019acc\u00e9der, de rectifier et d\u2019effacer ses donn\u00e9es par courrier postal, en justifiant de son identit\u00e9, \u00e0 l\u2019adresse suivante\u00a0:<\/p>\n<p>Micha\u00ebl Moreau<\/p>\n<p>7 rue de Bouvigny<\/p>\n<p>62 530 Servins<\/p>\n<p>Tel.\u00a0: 06 76 93 81 43<\/p>\n<p>Le site moreauabc.fr propose de nombreux liens vers d\u2019autres sites. Chaque fois, il est syst\u00e9matiquement pr\u00e9cis\u00e9 vers quel site nous vous proposons d\u2019aller. Ces pages, dont les adresses sont r\u00e9guli\u00e8rement v\u00e9rifi\u00e9es, ne font pas partie du site moreaubc.fr\u00a0: elles n\u2019engagent pas la responsabilit\u00e9 de la r\u00e9daction du site qui ne peut \u00eatre tenue responsable des contenus vers lesquels ces liens pointent. Ils ne visent qu\u2019\u00e0 permettre \u00e0 l\u2019internaute d\u2019acc\u00e9der plus facilement \u00e0 d\u2019autres ressources documentaires sur le sujet consult\u00e9.<\/p>\n<p>Lors de la consultation de notre site, des cookies sont d\u00e9pos\u00e9s sur votre ordinateur, votre mobile ou votre tablette. Les donn\u00e9es r\u00e9colt\u00e9es sur le site ne sont utilis\u00e9es qu\u2019\u00e0 des fins de s\u00e9curit\u00e9 et de statistiques. Elles ne sont destin\u00e9es qu\u2019\u00e0 l\u2019usage de l\u2019entreprise et elles ne peuvent \u00eatre distribu\u00e9es \u00e0 d\u2019autres prestataires ou soci\u00e9t\u00e9s et ne peuvent \u00eatre utilis\u00e9es pour des traitements ult\u00e9rieurs. Pour plus d\u2019informations sur les cookies\u00a0: <a href=\"https:\/\/www.cnil.fr\/fr\/cookies-et-autres-traceurs\/comment-se-proteger\/maitriser-votre-navigateur\" target=\"_blank\" rel=\"noopener\">https:\/\/www.cnil.fr\/fr\/cookies-et-autres-traceurs\/comment-se-proteger\/maitriser-votre-navigateur<\/a><\/p>\n<p>L\u2019internaute a le droit d\u2019introduire une r\u00e9clamation aupr\u00e8s de la Commission Nationale Informatique et Libert\u00e9s \u00e0 l\u2019aide du lien suivant\u00a0: \u00a0<a href=\"https:\/\/www.cnil.fr\/fr\/plaintes\" target=\"_blank\" rel=\"noopener\">https:\/\/www.cnil.fr\/fr\/plaintes<\/a><\/p>\n","protected":false},"excerpt":{"rendered":"<p>Identification de l\u2019entreprise Moreau Micha\u00ebl &#8211; micro-entrepreneur \u2013 entreprise individuelle Apiculteur \u2013 0149Z Elevage d\u2019autres animaux 7 rue de Bouvigny 62530 Servins N\u00b0 Siret\u00a0: 522\u00a0107\u00a0416 00037 Entreprise non assujettie \u00e0 la TVA Tel.\u00a0: 06 76 93 81 43 Mail\u00a0: michaelmoreau@moreauabc.fr H\u00e9bergeur du site OVHcloud 2 rue Kellermann &#8211; BP 80157 59\u00a0053 Roubaix CEDEX 1 &#8211; [&hellip;]<\/p>\n","protected":false},"author":1,"featured_media":0,"parent":0,"menu_order":0,"comment_status":"closed","ping_status":"closed","template":"","meta":{"footnotes":""},"class_list":["post-314","page","type-page","status-publish","hentry"],"_links":{"self":[{"href":"https:\/\/www.moreauabc.fr\/index.php\/wp-json\/wp\/v2\/pages\/314","targetHints":{"allow":["GET"]}}],"collection":[{"href":"https:\/\/www.moreauabc.fr\/index.php\/wp-json\/wp\/v2\/pages"}],"about":[{"href":"https:\/\/www.moreauabc.fr\/index.php\/wp-json\/wp\/v2\/types\/page"}],"author":[{"embeddable":true,"href":"https:\/\/www.moreauabc.fr\/index.php\/wp-json\/wp\/v2\/users\/1"}],"replies":[{"embeddable":true,"href":"https:\/\/www.moreauabc.fr\/index.php\/wp-json\/wp\/v2\/comments?post=314"}],"version-history":[{"count":2,"href":"https:\/\/www.moreauabc.fr\/index.php\/wp-json\/wp\/v2\/pages\/314\/revisions"}],"predecessor-version":[{"id":316,"href":"https:\/\/www.moreauabc.fr\/index.php\/wp-json\/wp\/v2\/pages\/314\/revisions\/316"}],"wp:attachment":[{"href":"https:\/\/www.moreauabc.fr\/index.php\/wp-json\/wp\/v2\/media?parent=314"}],"curies":[{"name":"wp","href":"https:\/\/api.w.org\/{rel}","templated":true}]}}