{"id":335,"date":"2023-02-05T11:19:43","date_gmt":"2023-02-05T10:19:43","guid":{"rendered":"https:\/\/www.moreauabc.fr\/?page_id=335"},"modified":"2023-02-05T11:22:32","modified_gmt":"2023-02-05T10:22:32","slug":"formulaire-de-contact","status":"publish","type":"page","link":"https:\/\/www.moreauabc.fr\/index.php\/formulaire-de-contact\/","title":{"rendered":"Formulaire de contact"},"content":{"rendered":"\n<div class=\"wp-block-weforms-form\">\r\n        \r\n\r\n                <form class=\"wpuf-form-add weforms-327  wpuf-style\" action=\"\" method=\"post\"   id=\"\">\r\n\r\n            <ul class=\"wpuf-form form-label-above\">\r\n\r\n                        <li class=\"wpuf-el\">\r\n            <div class=\"wpuf-field-columns has-columns-2\" data-style=\"wpuf-style\">\r\n                <div class=\"wpuf-column-field-inner-columns\">\r\n                    <div class=\"wpuf-column\">\r\n                                                    <div class=\"column-1 items-of-column-2 wpuf-column-inner-fields\">\r\n                                <ul class=\"wpuf-column-fields\">\r\n                                            <li class=\"wpuf-el nom field-size-large\" data-label=\"Nom\">\r\n                    <div class=\"wpuf-label\">\r\n            <label for=\"nom_327\">Nom <span class=\"required\">*<\/span><\/label>\r\n        <\/div>\r\n        \r\n            <div class=\"wpuf-fields\">\r\n                <input\r\n                    class=\"textfield wpuf_nom_327\"\r\n                    id=\"nom_327\"\r\n                    type=\"text\"\r\n                    data-duplicate=\"no\"\r\n                    data-required=\"yes\"\r\n                    data-type=\"text\" name=\"nom\"\r\n                    placeholder=\"\"\r\n                    value=\"\"\r\n                    size=\"40\"\r\n                    data-style=\"wpuf-style\"\r\n                \/>\r\n\r\n                <span class=\"wpuf-wordlimit-message wpuf-help\"><\/span>\r\n                            <\/div>\r\n                    <\/li>\r\n                                        <\/ul>\r\n                            <\/div>\r\n\r\n                                                                                <div class=\"column-2 items-of-column-2 wpuf-column-inner-fields\">\r\n                                <ul class=\"wpuf-column-fields\">\r\n                                            <li class=\"wpuf-el pr_nom field-size-large\" data-label=\"Pr\u00e9nom\">\r\n                    <div class=\"wpuf-label\">\r\n            <label for=\"pr_nom_327\">Pr\u00e9nom <span class=\"required\">*<\/span><\/label>\r\n        <\/div>\r\n        \r\n            <div class=\"wpuf-fields\">\r\n                <input\r\n                    class=\"textfield wpuf_pr_nom_327\"\r\n                    id=\"pr_nom_327\"\r\n                    type=\"text\"\r\n                    data-duplicate=\"no\"\r\n                    data-required=\"yes\"\r\n                    data-type=\"text\" name=\"pr_nom\"\r\n                    placeholder=\"\"\r\n                    value=\"\"\r\n                    size=\"40\"\r\n                    data-style=\"wpuf-style\"\r\n                \/>\r\n\r\n                <span class=\"wpuf-wordlimit-message wpuf-help\"><\/span>\r\n                            <\/div>\r\n                    <\/li>\r\n                                        <\/ul>\r\n                            <\/div>\r\n\r\n                                                                        <\/div>\r\n                <\/div>\r\n            <\/div>\r\n        <\/li>\r\n                <li class=\"wpuf-el adresse_mail field-size-large\" data-label=\"Adresse mail\">\r\n                    <div class=\"wpuf-label\">\r\n            <label for=\"adresse_mail_327\">Adresse mail <span class=\"required\">*<\/span><\/label>\r\n        <\/div>\r\n        \r\n            <div class=\"wpuf-fields\">\r\n                <input\r\n                    id=\"adresse_mail_327\"\r\n                    type=\"email\"\r\n                    class=\"email  wpuf_adresse_mail_327\"\r\n                    data-duplicate=\"\"\r\n                    data-required=\"yes\"\r\n                    data-type=\"email\"\r\n                    data-style=\"wpuf-style\"\r\n                    name=\"adresse_mail\"\r\n                    placeholder=\"\"\r\n                    value=\"\"\r\n                    size=\"40\"\r\n                    autocomplete=\"email\"\r\n                \/>\r\n                            <\/div>\r\n        <\/li>\r\n                <li class=\"wpuf-el objet field-size-large\" data-label=\"Objet\">\r\n                    <div class=\"wpuf-label\">\r\n            <label for=\"objet_327\">Objet <span class=\"required\">*<\/span><\/label>\r\n        <\/div>\r\n        \r\n            <div class=\"wpuf-fields\">\r\n                <input\r\n                    class=\"textfield wpuf_objet_327\"\r\n                    id=\"objet_327\"\r\n                    type=\"text\"\r\n                    data-duplicate=\"no\"\r\n                    data-required=\"yes\"\r\n                    data-type=\"text\" name=\"objet\"\r\n                    placeholder=\"\"\r\n                    value=\"\"\r\n                    size=\"40\"\r\n                    data-style=\"wpuf-style\"\r\n                \/>\r\n\r\n                <span class=\"wpuf-wordlimit-message wpuf-help\"><\/span>\r\n                            <\/div>\r\n                    <\/li>\r\n                <li class=\"wpuf-el message field-size-large\" data-label=\"Message\">\r\n                    <div class=\"wpuf-label\">\r\n            <label for=\"message_327\">Message <span class=\"required\">*<\/span><\/label>\r\n        <\/div>\r\n        \r\n            <div class=\"wpuf-fields\">\r\n                <input\r\n                    class=\"textfield wpuf_message_327\"\r\n                    id=\"message_327\"\r\n                    type=\"text\"\r\n                    data-duplicate=\"no\"\r\n                    data-required=\"yes\"\r\n                    data-type=\"text\" name=\"message\"\r\n                    placeholder=\"\"\r\n                    value=\"\"\r\n                    size=\"150\"\r\n                    data-style=\"wpuf-style\"\r\n                \/>\r\n\r\n                <span class=\"wpuf-wordlimit-message wpuf-help\"><\/span>\r\n                            <\/div>\r\n                    <\/li>\r\n                <li class=\"wpuf-el  field-size-large\" data-label=\"\">\r\n                    <div class=\"wpuf-label\">\r\n            <label for=\"_327\"> <span class=\"required\">*<\/span><\/label>\r\n        <\/div>\r\n        \r\n                        <div class=\"wpuf-fields\" data-required=\"yes\" data-type=\"radio\" data-style=\"wpuf-style\">\r\n\r\n                \r\n                        <label class=\"wpuf-radio-block\">\r\n                            <input\r\n                                name=\"\"\r\n                                class=\"wpuf__327\"\r\n                                type=\"radio\"\r\n                                value=\"en_cochant_cette_case,_j&#039;accepte_les_conditions_g\u00e9n\u00e9rales_d&#039;utilisation\"                            \/>\r\n                            En cochant cette case, j'accepte les conditions g\u00e9n\u00e9rales d'utilisation                        <\/label>\r\n                        \r\n                        <span class=\"wpuf-help\">Obligatoire pour respecter la r\u00e9glementation g\u00e9n\u00e9ral sur la protection des donn\u00e9es (RGPD) d\u00e9crites sur la page Mentions l\u00e9gales<\/span>\r\n        \r\n            <\/div>\r\n        <\/li>\r\n                    <li class=\"wpuf-el recaptcha\" data-label=\"\" >\r\n                            <li class=\"wpuf-el recaptcha\" data-label=\"\" >\r\n                    <div class=\"wpuf-fields  wpuf_recaptcha_327\" data-style=\"wpuf-style\">\r\n                        <input type=\"hidden\" name=\"g-recaptcha-response\" id=\"g-recaptcha-response\">\r\n                        <input type=\"hidden\" name=\"g-action\" id=\"g-action\">\r\n                        <script src=\"https:\/\/www.google.com\/recaptcha\/api.js?render=6LcbGVQkAAAAAEB0z-XKmUH1C5Noif9cBgW6nM6R\"> <\/script>\r\n                        <script>\r\n                            grecaptcha.ready(function() {\r\n                                  grecaptcha.execute('6LcbGVQkAAAAAEB0z-XKmUH1C5Noif9cBgW6nM6R', {action: 'captcha_validation'}).then( function( token ) {\r\n                                    document.getElementById('g-recaptcha-response').value = token;\r\n                                    document.getElementById('g-action').value = 'captcha_validation';\r\n\r\n                                  });\r\n                                setInterval(function () {\r\n                                    grecaptcha.execute('6LcbGVQkAAAAAEB0z-XKmUH1C5Noif9cBgW6nM6R', {action: 'captcha_validation'}).then( function( token ) {\r\n                                        document.getElementById('g-recaptcha-response').value = token;\r\n                                        document.getElementById('g-action').value = 'captcha_validation';\r\n                                    });\r\n                                }, 60000);\r\n                            });\r\n                        <\/script>\r\n                    <\/div>\r\n                <\/li>\r\n                <li class=\"wpuf-submit\">\r\n            <div class=\"wpuf-label\">\r\n                &nbsp;\r\n            <\/div>\r\n\r\n            <input type=\"hidden\" id=\"_wpnonce\" name=\"_wpnonce\" value=\"3b18ecc5ab\" \/><input type=\"hidden\" name=\"_wp_http_referer\" value=\"\/index.php\/wp-json\/wp\/v2\/pages\/335\" \/>\r\n            <input type=\"hidden\" name=\"form_id\" value=\"327\">\r\n            <input type=\"hidden\" name=\"page_id\" value=\"335\">\r\n            <input type=\"hidden\" name=\"action\" value=\"weforms_frontend_submit\">\r\n\r\n                            <input type=\"hidden\" name=\"weforms-front-report\" value=\"no\">\r\n            \r\n            \r\n                            <input type=\"submit\" class=\"weforms_submit_btn wpuf_submit_327\" name=\"submit\" value=\"Envoyer\" \/>\r\n                    <\/li>\r\n                <\/ul>\r\n\r\n        <\/form>\r\n                <\/div>\n","protected":false},"excerpt":{"rendered":"","protected":false},"author":1,"featured_media":0,"parent":0,"menu_order":0,"comment_status":"closed","ping_status":"closed","template":"","meta":{"footnotes":""},"class_list":["post-335","page","type-page","status-publish","hentry"],"_links":{"self":[{"href":"https:\/\/www.moreauabc.fr\/index.php\/wp-json\/wp\/v2\/pages\/335","targetHints":{"allow":["GET"]}}],"collection":[{"href":"https:\/\/www.moreauabc.fr\/index.php\/wp-json\/wp\/v2\/pages"}],"about":[{"href":"https:\/\/www.moreauabc.fr\/index.php\/wp-json\/wp\/v2\/types\/page"}],"author":[{"embeddable":true,"href":"https:\/\/www.moreauabc.fr\/index.php\/wp-json\/wp\/v2\/users\/1"}],"replies":[{"embeddable":true,"href":"https:\/\/www.moreauabc.fr\/index.php\/wp-json\/wp\/v2\/comments?post=335"}],"version-history":[{"count":2,"href":"https:\/\/www.moreauabc.fr\/index.php\/wp-json\/wp\/v2\/pages\/335\/revisions"}],"predecessor-version":[{"id":337,"href":"https:\/\/www.moreauabc.fr\/index.php\/wp-json\/wp\/v2\/pages\/335\/revisions\/337"}],"wp:attachment":[{"href":"https:\/\/www.moreauabc.fr\/index.php\/wp-json\/wp\/v2\/media?parent=335"}],"curies":[{"name":"wp","href":"https:\/\/api.w.org\/{rel}","templated":true}]}}