{"id":90,"date":"2020-02-25T21:08:13","date_gmt":"2020-02-25T20:08:13","guid":{"rendered":"http:\/\/www.moreauabc.fr\/?page_id=90"},"modified":"2020-02-29T09:01:42","modified_gmt":"2020-02-29T08:01:42","slug":"lapiculture","status":"publish","type":"page","link":"https:\/\/www.moreauabc.fr\/index.php\/lapiculture\/","title":{"rendered":"L&rsquo;apiculture"},"content":{"rendered":"<p>L&rsquo;apiculture est la science qui \u00e9tudie l&rsquo;\u00e9levage des abeilles dans les ruches. L&rsquo;apiculteur travaillera ainsi sur plusieurs domaines :<\/p>\n<ul>\n<li><em>Soigner les abeilles<\/em>, d\u00e9velopper des colonies et veiller \u00e0 leur \u00e9tat de sant\u00e9.<\/li>\n<li><em>R\u00e9colter les produits de la ruche<\/em> sans nuire aux abeilles : Cire, pollen, miel, propolis, gel\u00e9e royale, reines, essaims.<\/li>\n<li><em>Participer \u00e0 la pollinisation. <\/em>A chaque journ\u00e9e de beau temps, les abeilles visitent 40 millions de fleurs en assurant ainsi la production de fruits. Au cours de l&rsquo;\u00e9volution du monde vivant, l&rsquo;abeille a contribu\u00e9, dans une mesure consid\u00e9rable, \u00e0 l&rsquo;\u00e9volution et \u00e0 la diversification des esp\u00e8ces v\u00e9g\u00e9tales.<\/li>\n<\/ul>\n<p><em>Extrait du livre &lsquo;Le miel &#8211; un livre gourmand&rsquo; des \u00e9ditions Minerva :<\/em><\/p>\n<p>\u00ab\u00a0Gr\u00e2ce \u00e0 des peintures rupestres, d\u00e9couvertes dans des endroits aussi diff\u00e9rents que l&rsquo;Espagne, l&rsquo;Afrique du Sud ou l&rsquo;Inde, on a pu se faire une id\u00e9e plus pr\u00e9cise de l&rsquo;\u00e9poque \u00e0 laquelle les hommes se sont int\u00e9ress\u00e9s de pr\u00e8s au miel. Au point de se hisser, comme le repr\u00e9sentent ces peintures dat\u00e9es de la fin du Pal\u00e9olithique, \u00e0 l&rsquo;aide de lianes jusqu&rsquo;\u00e0 des cavit\u00e9s o\u00f9 des abeilles voletantes signalent la pr\u00e9sence d&rsquo;un rayon.\u00a0\u00bb<\/p>\n","protected":false},"excerpt":{"rendered":"<p>L&rsquo;apiculture est la science qui \u00e9tudie l&rsquo;\u00e9levage des abeilles dans les ruches. L&rsquo;apiculteur travaillera ainsi sur plusieurs domaines : Soigner les abeilles, d\u00e9velopper des colonies et veiller \u00e0 leur \u00e9tat de sant\u00e9. R\u00e9colter les produits de la ruche sans nuire aux abeilles : Cire, pollen, miel, propolis, gel\u00e9e royale, reines, essaims. Participer \u00e0 la pollinisation. [&hellip;]<\/p>\n","protected":false},"author":1,"featured_media":0,"parent":0,"menu_order":0,"comment_status":"closed","ping_status":"closed","template":"","meta":{"footnotes":""},"class_list":["post-90","page","type-page","status-publish","hentry"],"_links":{"self":[{"href":"https:\/\/www.moreauabc.fr\/index.php\/wp-json\/wp\/v2\/pages\/90","targetHints":{"allow":["GET"]}}],"collection":[{"href":"https:\/\/www.moreauabc.fr\/index.php\/wp-json\/wp\/v2\/pages"}],"about":[{"href":"https:\/\/www.moreauabc.fr\/index.php\/wp-json\/wp\/v2\/types\/page"}],"author":[{"embeddable":true,"href":"https:\/\/www.moreauabc.fr\/index.php\/wp-json\/wp\/v2\/users\/1"}],"replies":[{"embeddable":true,"href":"https:\/\/www.moreauabc.fr\/index.php\/wp-json\/wp\/v2\/comments?post=90"}],"version-history":[{"count":4,"href":"https:\/\/www.moreauabc.fr\/index.php\/wp-json\/wp\/v2\/pages\/90\/revisions"}],"predecessor-version":[{"id":186,"href":"https:\/\/www.moreauabc.fr\/index.php\/wp-json\/wp\/v2\/pages\/90\/revisions\/186"}],"wp:attachment":[{"href":"https:\/\/www.moreauabc.fr\/index.php\/wp-json\/wp\/v2\/media?parent=90"}],"curies":[{"name":"wp","href":"https:\/\/api.w.org\/{rel}","templated":true}]}}